{"id":2,"date":"2023-09-11T03:13:02","date_gmt":"2023-09-11T01:13:02","guid":{"rendered":"https:\/\/concentradoscampofiel.lacteosvalledeatriz.com\/?page_id=2"},"modified":"2024-02-13T12:07:40","modified_gmt":"2024-02-13T17:07:40","slug":"nuestra-historia","status":"publish","type":"page","link":"https:\/\/concentradoscampofiel.lacteosvalledeatriz.com\/index.php\/nuestra-historia\/","title":{"rendered":"Nuestra Historia"},"content":{"rendered":"\t\t<div data-elementor-type=\"wp-page\" data-elementor-id=\"2\" class=\"elementor elementor-2\" data-elementor-post-type=\"page\">\n\t\t\t\t\t\t\t\t\t<section class=\"elementor-section elementor-top-section elementor-element elementor-element-7bc68da6 elementor-section-content-middle elementor-section-boxed elementor-section-height-default elementor-section-height-default\" data-id=\"7bc68da6\" data-element_type=\"section\" data-settings=\"{&quot;background_background&quot;:&quot;classic&quot;,&quot;shape_divider_bottom&quot;:&quot;triangle&quot;}\">\n\t\t\t\t\t\t\t<div class=\"elementor-background-overlay\"><\/div>\n\t\t\t\t\t\t<div class=\"elementor-shape elementor-shape-bottom\" data-negative=\"false\">\n\t\t\t<svg xmlns=\"http:\/\/www.w3.org\/2000\/svg\" viewBox=\"0 0 1000 100\" preserveAspectRatio=\"none\">\n\t<path class=\"elementor-shape-fill\" d=\"M500,98.9L0,6.1V0h1000v6.1L500,98.9z\"\/>\n<\/svg>\t\t<\/div>\n\t\t\t\t\t<div class=\"elementor-container elementor-column-gap-extended\">\n\t\t\t\t\t<div class=\"elementor-column elementor-col-16 elementor-top-column elementor-element elementor-element-24799c6c\" data-id=\"24799c6c\" data-element_type=\"column\">\n\t\t\t<div class=\"elementor-widget-wrap\">\n\t\t\t\t\t\t\t\t\t<\/div>\n\t\t<\/div>\n\t\t\t\t<div class=\"elementor-column elementor-col-66 elementor-top-column elementor-element elementor-element-318a28d0\" data-id=\"318a28d0\" data-element_type=\"column\">\n\t\t\t<div class=\"elementor-widget-wrap elementor-element-populated\">\n\t\t\t\t\t\t\t\t<div class=\"elementor-element elementor-element-700610a elementor-widget elementor-widget-image\" data-id=\"700610a\" data-element_type=\"widget\" data-widget_type=\"image.default\">\n\t\t\t\t<div class=\"elementor-widget-container\">\n\t\t\t<style>\/*! elementor - v3.15.0 - 20-08-2023 *\/\n.elementor-widget-image{text-align:center}.elementor-widget-image a{display:inline-block}.elementor-widget-image a img[src$=\".svg\"]{width:48px}.elementor-widget-image img{vertical-align:middle;display:inline-block}<\/style>\t\t\t\t\t\t\t\t\t\t\t\t<img decoding=\"async\" loading=\"lazy\" width=\"200\" height=\"35\" src=\"https:\/\/concentradoscampofiel.lacteosvalledeatriz.com\/wp-content\/uploads\/2024\/02\/divider-free-img-1-1.png\" class=\"attachment-full size-full wp-image-698\" alt=\"\" \/>\t\t\t\t\t\t\t\t\t\t\t\t\t\t\t<\/div>\n\t\t\t\t<\/div>\n\t\t\t\t<div class=\"elementor-element elementor-element-4ca3e3a7 elementor-invisible elementor-widget elementor-widget-heading\" data-id=\"4ca3e3a7\" data-element_type=\"widget\" data-settings=\"{&quot;_animation&quot;:&quot;fadeInUp&quot;,&quot;_animation_delay&quot;:200}\" data-widget_type=\"heading.default\">\n\t\t\t\t<div class=\"elementor-widget-container\">\n\t\t\t<style>\/*! elementor - v3.15.0 - 20-08-2023 *\/\n.elementor-heading-title{padding:0;margin:0;line-height:1}.elementor-widget-heading .elementor-heading-title[class*=elementor-size-]>a{color:inherit;font-size:inherit;line-height:inherit}.elementor-widget-heading .elementor-heading-title.elementor-size-small{font-size:15px}.elementor-widget-heading .elementor-heading-title.elementor-size-medium{font-size:19px}.elementor-widget-heading .elementor-heading-title.elementor-size-large{font-size:29px}.elementor-widget-heading .elementor-heading-title.elementor-size-xl{font-size:39px}.elementor-widget-heading .elementor-heading-title.elementor-size-xxl{font-size:59px}<\/style><h1 class=\"elementor-heading-title elementor-size-default\">Nuestra Historia.<\/h1>\t\t<\/div>\n\t\t\t\t<\/div>\n\t\t\t\t<div class=\"elementor-element elementor-element-65d5fc84 elementor-hidden-phone elementor-invisible elementor-widget elementor-widget-text-editor\" data-id=\"65d5fc84\" data-element_type=\"widget\" data-settings=\"{&quot;_animation&quot;:&quot;fadeInUp&quot;,&quot;_animation_delay&quot;:400}\" data-widget_type=\"text-editor.default\">\n\t\t\t\t<div class=\"elementor-widget-container\">\n\t\t\t<style>\/*! elementor - v3.15.0 - 20-08-2023 *\/\n.elementor-widget-text-editor.elementor-drop-cap-view-stacked .elementor-drop-cap{background-color:#69727d;color:#fff}.elementor-widget-text-editor.elementor-drop-cap-view-framed .elementor-drop-cap{color:#69727d;border:3px solid;background-color:transparent}.elementor-widget-text-editor:not(.elementor-drop-cap-view-default) .elementor-drop-cap{margin-top:8px}.elementor-widget-text-editor:not(.elementor-drop-cap-view-default) .elementor-drop-cap-letter{width:1em;height:1em}.elementor-widget-text-editor .elementor-drop-cap{float:left;text-align:center;line-height:1;font-size:50px}.elementor-widget-text-editor .elementor-drop-cap-letter{display:inline-block}<\/style>\t\t\t\t<p>Nuestra empresa nace con el deseo de\u00a0 comercializar Concentrados para animales de Granja y distribuirlos a empresas minoristas.<\/p>\t\t\t\t\t\t<\/div>\n\t\t\t\t<\/div>\n\t\t\t\t\t<\/div>\n\t\t<\/div>\n\t\t\t\t<div class=\"elementor-column elementor-col-16 elementor-top-column elementor-element elementor-element-6f20f187\" data-id=\"6f20f187\" data-element_type=\"column\">\n\t\t\t<div class=\"elementor-widget-wrap\">\n\t\t\t\t\t\t\t\t\t<\/div>\n\t\t<\/div>\n\t\t\t\t\t\t\t<\/div>\n\t\t<\/section>\n\t\t\t\t<section class=\"elementor-section elementor-top-section elementor-element elementor-element-d5fa85c elementor-section-boxed elementor-section-height-default elementor-section-height-default\" data-id=\"d5fa85c\" data-element_type=\"section\" data-settings=\"{&quot;background_background&quot;:&quot;gradient&quot;}\">\n\t\t\t\t\t\t<div class=\"elementor-container elementor-column-gap-no\">\n\t\t\t\t\t<div class=\"elementor-column elementor-col-100 elementor-top-column elementor-element elementor-element-52cc2c2b\" data-id=\"52cc2c2b\" data-element_type=\"column\">\n\t\t\t<div class=\"elementor-widget-wrap elementor-element-populated\">\n\t\t\t\t\t\t\t\t<section class=\"elementor-section elementor-inner-section elementor-element elementor-element-18b64c35 elementor-section-content-middle elementor-section-boxed elementor-section-height-default elementor-section-height-default\" data-id=\"18b64c35\" data-element_type=\"section\">\n\t\t\t\t\t\t<div class=\"elementor-container elementor-column-gap-default\">\n\t\t\t\t\t<div class=\"elementor-column elementor-col-25 elementor-inner-column elementor-element elementor-element-732821c1\" data-id=\"732821c1\" data-element_type=\"column\">\n\t\t\t<div class=\"elementor-widget-wrap\">\n\t\t\t\t\t\t\t\t\t<\/div>\n\t\t<\/div>\n\t\t\t\t<div class=\"elementor-column elementor-col-50 elementor-inner-column elementor-element elementor-element-3e44cc33\" data-id=\"3e44cc33\" data-element_type=\"column\">\n\t\t\t<div class=\"elementor-widget-wrap elementor-element-populated\">\n\t\t\t\t\t\t\t\t<div class=\"elementor-element elementor-element-7d372b7c elementor-widget elementor-widget-image\" data-id=\"7d372b7c\" data-element_type=\"widget\" data-widget_type=\"image.default\">\n\t\t\t\t<div class=\"elementor-widget-container\">\n\t\t\t\t\t\t\t\t\t\t\t\t\t\t\t<img decoding=\"async\" loading=\"lazy\" width=\"1018\" height=\"939\" src=\"https:\/\/concentradoscampofiel.lacteosvalledeatriz.com\/wp-content\/uploads\/2023\/09\/Recurso-2svg.svg\" class=\"attachment-large size-large wp-image-617 astra-logo-svg\" alt=\"Concentrados Campo Fiel\" srcset=\"https:\/\/concentradoscampofiel.lacteosvalledeatriz.com\/wp-content\/uploads\/2023\/09\/Recurso-2svg.svg 1x, https:\/\/concentradoscampofiel.lacteosvalledeatriz.com\/wp-content\/uploads\/2023\/09\/Recurso-2svg.svg 2x\" \/>\t\t\t\t\t\t\t\t\t\t\t\t\t\t\t<\/div>\n\t\t\t\t<\/div>\n\t\t\t\t<div class=\"elementor-element elementor-element-fe441dc elementor-invisible elementor-widget elementor-widget-heading\" data-id=\"fe441dc\" data-element_type=\"widget\" data-settings=\"{&quot;_animation&quot;:&quot;fadeInDown&quot;}\" data-widget_type=\"heading.default\">\n\t\t\t\t<div class=\"elementor-widget-container\">\n\t\t\t<h2 class=\"elementor-heading-title elementor-size-default\">Historia<\/h2>\t\t<\/div>\n\t\t\t\t<\/div>\n\t\t\t\t<div class=\"elementor-element elementor-element-6d284d06 elementor-widget elementor-widget-image\" data-id=\"6d284d06\" data-element_type=\"widget\" data-widget_type=\"image.default\">\n\t\t\t\t<div class=\"elementor-widget-container\">\n\t\t\t\t\t\t\t\t\t\t\t\t\t\t\t<img decoding=\"async\" loading=\"lazy\" width=\"200\" height=\"35\" src=\"https:\/\/concentradoscampofiel.lacteosvalledeatriz.com\/wp-content\/uploads\/2024\/02\/divider-free-img-1-1.png\" class=\"attachment-full size-full wp-image-698\" alt=\"\" \/>\t\t\t\t\t\t\t\t\t\t\t\t\t\t\t<\/div>\n\t\t\t\t<\/div>\n\t\t\t\t<div class=\"elementor-element elementor-element-261d18d5 elementor-invisible elementor-widget elementor-widget-text-editor\" data-id=\"261d18d5\" data-element_type=\"widget\" data-settings=\"{&quot;_animation&quot;:&quot;fadeInUp&quot;,&quot;_animation_delay&quot;:200}\" data-widget_type=\"text-editor.default\">\n\t\t\t\t<div class=\"elementor-widget-container\">\n\t\t\t\t\t\t\t<p>El servicio a nuestra distinguida clientela lo llevamos prestando desde el a\u00f1o 2010.<\/p>\t\t\t\t\t\t<\/div>\n\t\t\t\t<\/div>\n\t\t\t\t\t<\/div>\n\t\t<\/div>\n\t\t\t\t<div class=\"elementor-column elementor-col-25 elementor-inner-column elementor-element elementor-element-7dcbd81d\" data-id=\"7dcbd81d\" data-element_type=\"column\">\n\t\t\t<div class=\"elementor-widget-wrap\">\n\t\t\t\t\t\t\t\t\t<\/div>\n\t\t<\/div>\n\t\t\t\t\t\t\t<\/div>\n\t\t<\/section>\n\t\t\t\t<section class=\"elementor-section elementor-inner-section elementor-element elementor-element-2f3cccfe elementor-section-content-middle elementor-section-boxed elementor-section-height-default elementor-section-height-default\" data-id=\"2f3cccfe\" data-element_type=\"section\" data-settings=\"{&quot;background_background&quot;:&quot;classic&quot;}\">\n\t\t\t\t\t\t<div class=\"elementor-container elementor-column-gap-default\">\n\t\t\t\t\t<div class=\"elementor-column elementor-col-16 elementor-inner-column elementor-element elementor-element-4d3ee2a0\" data-id=\"4d3ee2a0\" data-element_type=\"column\">\n\t\t\t<div class=\"elementor-widget-wrap elementor-element-populated\">\n\t\t\t\t\t\t\t\t\t<\/div>\n\t\t<\/div>\n\t\t\t\t<div class=\"elementor-column elementor-col-66 elementor-inner-column elementor-element elementor-element-72cbe536\" data-id=\"72cbe536\" data-element_type=\"column\">\n\t\t\t<div class=\"elementor-widget-wrap elementor-element-populated\">\n\t\t\t\t\t\t\t\t<div class=\"elementor-element elementor-element-5db9f4a0 elementor-widget elementor-widget-heading\" data-id=\"5db9f4a0\" data-element_type=\"widget\" data-widget_type=\"heading.default\">\n\t\t\t\t<div class=\"elementor-widget-container\">\n\t\t\t<h2 class=\"elementor-heading-title elementor-size-default\">2010<\/h2>\t\t<\/div>\n\t\t\t\t<\/div>\n\t\t\t\t<div class=\"elementor-element elementor-element-4b0de1d3 elementor-widget elementor-widget-text-editor\" data-id=\"4b0de1d3\" data-element_type=\"widget\" data-widget_type=\"text-editor.default\">\n\t\t\t\t<div class=\"elementor-widget-container\">\n\t\t\t\t\t\t\t<p data-sourcepos=\"3:1-3:65\">En las verdes praderas de Nari\u00f1o, donde las monta\u00f1as se besan con el cielo, naci\u00f3 Concentrados Campo Fiel. La historia comienza con&nbsp; la idea de mejorar la produccion de animales de granja.<\/p>\n<p data-sourcepos=\"5:1-5:69\">La fundadora de Campo Fiel Sab\u00edan que la clave para obtener mejores resultados era alimentar a sus animales con un concentrado de alta calidad. Sin embargo, en la regi\u00f3n no hab\u00eda opciones accesibles para los peque\u00f1os productores.<\/p>\n<p data-sourcepos=\"7:1-7:255\">Impulsado por su pasi\u00f3n por el campo y su deseo de ayudar a sus vecinos, decidi\u00f3 tomar el asunto en sus propias manos. Comenz\u00f3 a investigar y probar con diferentes marcas, utilizando&nbsp; los animales de su granja para observar su desarrollo.<\/p>\n<p data-sourcepos=\"9:1-9:188\">Tras meses de esfuerzo, dio con la marca perfecta: un concentrado nutritivo, balanceado y de bajo costo que <strong>revolucionar\u00eda<\/strong> la ganader\u00eda, la avicultura y la porcicultura de la regi\u00f3n.<\/p>\n<p data-sourcepos=\"11:1-11:33\">En 2010, naci\u00f3 Concentrados Campo Fiel, una peque\u00f1a empresa familiar que se convirti\u00f3 en un s\u00edmbolo de esperanza para los peque\u00f1os productores. La Fundadora con su tenacidad y compromiso, logro transformar la forma en que se alimentaba al ganado en Nari\u00f1o.<\/p>\n<p data-sourcepos=\"13:1-13:269\">Con el tiempo, la empresa fue creciendo y expandi\u00e9ndose a otras regiones de Colombia. Hoy en d\u00eda, Concentrados Campo Fiel es una empresa l\u00edder en el mercado de alimentos para animales, reconocida por su <strong>alta calidad, innovaci\u00f3n y compromiso con el desarrollo rural.<\/strong><\/p>\t\t\t\t\t\t<\/div>\n\t\t\t\t<\/div>\n\t\t\t\t<div class=\"elementor-element elementor-element-edc038c elementor-widget elementor-widget-image\" data-id=\"edc038c\" data-element_type=\"widget\" data-widget_type=\"image.default\">\n\t\t\t\t<div class=\"elementor-widget-container\">\n\t\t\t\t\t\t\t\t\t\t\t\t\t\t\t<img decoding=\"async\" src=\"https:\/\/concentradoscampofiel.lacteosvalledeatriz.com\/wp-content\/uploads\/elementor\/thumbs\/people_seen_from_behind_standing_on_the_grass_wi-1-e1699922114448-qjk6m05he1l1xwo0r7i9hpeh9g4y39qwg2tm6nly9k.jpg\" title=\"people_seen_from_behind_standing_on_the_grass_wi-1-e1699922114448.jpg\" alt=\"people_seen_from_behind_standing_on_the_grass_wi-1-e1699922114448.jpg\" loading=\"lazy\" \/>\t\t\t\t\t\t\t\t\t\t\t\t\t\t\t<\/div>\n\t\t\t\t<\/div>\n\t\t\t\t\t<\/div>\n\t\t<\/div>\n\t\t\t\t<div class=\"elementor-column elementor-col-16 elementor-inner-column elementor-element elementor-element-1bcbf096\" data-id=\"1bcbf096\" data-element_type=\"column\">\n\t\t\t<div class=\"elementor-widget-wrap elementor-element-populated\">\n\t\t\t\t\t\t\t\t\t<\/div>\n\t\t<\/div>\n\t\t\t\t\t\t\t<\/div>\n\t\t<\/section>\n\t\t\t\t\t<\/div>\n\t\t<\/div>\n\t\t\t\t\t\t\t<\/div>\n\t\t<\/section>\n\t\t\t\t\t\t\t<\/div>\n\t\t","protected":false},"excerpt":{"rendered":"<p>Nuestra Historia. Nuestra empresa nace con el deseo de\u00a0 comercializar Concentrados para animales de Granja y distribuirlos a empresas minoristas. Historia El servicio a nuestra distinguida clientela lo llevamos prestando desde el a\u00f1o 2010. 2010 En las verdes praderas de Nari\u00f1o, donde las monta\u00f1as se besan con el cielo, naci\u00f3 Concentrados Campo Fiel. La historia &hellip;<\/p>\n<p class=\"read-more\"> <a class=\"\" href=\"https:\/\/concentradoscampofiel.lacteosvalledeatriz.com\/index.php\/nuestra-historia\/\"> <span class=\"screen-reader-text\">Nuestra Historia<\/span> Leer m\u00e1s &raquo;<\/a><\/p>\n","protected":false},"author":1,"featured_media":0,"parent":0,"menu_order":0,"comment_status":"closed","ping_status":"closed","template":"","meta":{"om_disable_all_campaigns":false,"_monsterinsights_skip_tracking":false,"_monsterinsights_sitenote_active":false,"_monsterinsights_sitenote_note":"","_monsterinsights_sitenote_category":0,"site-sidebar-layout":"no-sidebar","site-content-layout":"page-builder","ast-site-content-layout":"full-width-container","site-content-style":"default","site-sidebar-style":"default","ast-global-header-display":"","ast-banner-title-visibility":"","ast-main-header-display":"","ast-hfb-above-header-display":"","ast-hfb-below-header-display":"","ast-hfb-mobile-header-display":"","site-post-title":"disabled","ast-breadcrumbs-content":"","ast-featured-img":"disabled","footer-sml-layout":"","theme-transparent-header-meta":"","adv-header-id-meta":"","stick-header-meta":"","header-above-stick-meta":"","header-main-stick-meta":"","header-below-stick-meta":"","astra-migrate-meta-layouts":"","footnotes":""},"aioseo_notices":[],"_links":{"self":[{"href":"https:\/\/concentradoscampofiel.lacteosvalledeatriz.com\/index.php\/wp-json\/wp\/v2\/pages\/2"}],"collection":[{"href":"https:\/\/concentradoscampofiel.lacteosvalledeatriz.com\/index.php\/wp-json\/wp\/v2\/pages"}],"about":[{"href":"https:\/\/concentradoscampofiel.lacteosvalledeatriz.com\/index.php\/wp-json\/wp\/v2\/types\/page"}],"author":[{"embeddable":true,"href":"https:\/\/concentradoscampofiel.lacteosvalledeatriz.com\/index.php\/wp-json\/wp\/v2\/users\/1"}],"replies":[{"embeddable":true,"href":"https:\/\/concentradoscampofiel.lacteosvalledeatriz.com\/index.php\/wp-json\/wp\/v2\/comments?post=2"}],"version-history":[{"count":16,"href":"https:\/\/concentradoscampofiel.lacteosvalledeatriz.com\/index.php\/wp-json\/wp\/v2\/pages\/2\/revisions"}],"predecessor-version":[{"id":1002,"href":"https:\/\/concentradoscampofiel.lacteosvalledeatriz.com\/index.php\/wp-json\/wp\/v2\/pages\/2\/revisions\/1002"}],"wp:attachment":[{"href":"https:\/\/concentradoscampofiel.lacteosvalledeatriz.com\/index.php\/wp-json\/wp\/v2\/media?parent=2"}],"curies":[{"name":"wp","href":"https:\/\/api.w.org\/{rel}","templated":true}]}}